{"id":342,"date":"2022-07-23T20:31:13","date_gmt":"2022-07-23T20:31:13","guid":{"rendered":"https:\/\/tequilasoulmate.com\/?page_id=342"},"modified":"2023-11-22T17:42:22","modified_gmt":"2023-11-22T17:42:22","slug":"alma-gemela","status":"publish","type":"page","link":"https:\/\/tequilasoulmate.com\/index.php\/alma-gemela\/","title":{"rendered":"Alma Gemela"},"content":{"rendered":"\t\t<div data-elementor-type=\"wp-page\" data-elementor-id=\"342\" class=\"elementor elementor-342\">\n\t\t\t\t\t\t<section class=\"elementor-section elementor-top-section elementor-element elementor-element-46c75e1 elementor-section-full_width elementor-section-height-min-height elementor-section-height-default elementor-section-items-middle\" data-id=\"46c75e1\" data-element_type=\"section\" data-settings=\"{&quot;background_background&quot;:&quot;classic&quot;}\">\n\t\t\t\t\t\t\t<div class=\"elementor-background-overlay\"><\/div>\n\t\t\t\t\t\t\t<div class=\"elementor-container elementor-column-gap-default\">\n\t\t\t\t\t<div class=\"elementor-column elementor-col-50 elementor-top-column elementor-element elementor-element-03c8e25\" data-id=\"03c8e25\" data-element_type=\"column\">\n\t\t\t<div class=\"elementor-widget-wrap elementor-element-populated\">\n\t\t\t\t\t\t<div class=\"elementor-element elementor-element-c9e8cd7 elementor-widget elementor-widget-text-editor\" data-id=\"c9e8cd7\" data-element_type=\"widget\" data-widget_type=\"text-editor.default\">\n\t\t\t\t<div class=\"elementor-widget-container\">\n\t\t\t<style>\/*! elementor - v3.22.0 - 26-06-2024 *\/\n.elementor-widget-text-editor.elementor-drop-cap-view-stacked .elementor-drop-cap{background-color:#69727d;color:#fff}.elementor-widget-text-editor.elementor-drop-cap-view-framed .elementor-drop-cap{color:#69727d;border:3px solid;background-color:transparent}.elementor-widget-text-editor:not(.elementor-drop-cap-view-default) .elementor-drop-cap{margin-top:8px}.elementor-widget-text-editor:not(.elementor-drop-cap-view-default) .elementor-drop-cap-letter{width:1em;height:1em}.elementor-widget-text-editor .elementor-drop-cap{float:left;text-align:center;line-height:1;font-size:50px}.elementor-widget-text-editor .elementor-drop-cap-letter{display:inline-block}<\/style>\t\t\t\t<p style=\"text-align: center;\">La fascinaci\u00f3n por la idea de la \u00abpersona perfecta\u00bb se extiende en el tiempo y las culturas.<br \/>\u00bfPor qu\u00e9 todavia hay quien sigue creyendo en que se puede encontrar a la pareja ideal?<br \/>Las almas gemelas est\u00e1n destinadas a estar juntas para siempre, pertenecen a si mismas.<\/p><p style=\"text-align: center;\">Nosotros creamos tequila \u201cSOULMATE\u201d\u00a0 con la misma fascinaci\u00f3n e idea de encontrar los agaves perfectos,\u00a0 el agave esta destinado al tequila, se pertenecen y estaran juntos para siempre.<\/p><p style=\"text-align: center;\">Cada uno de nuestros tequilas es reposado cuidadosamente en barricas de roble blanco americano sin interrumpir su proceso hasta llegado su tiempo, de esta manera cada clase de nuestros tequilas llevan a tu boca lo mejor de su a\u00f1ejamiento<\/p><p style=\"text-align: center;\">.<\/p><div style=\"text-align: center;\">\u00a0<\/div>\t\t\t\t\t\t<\/div>\n\t\t\t\t<\/div>\n\t\t\t\t\t<\/div>\n\t\t<\/div>\n\t\t\t\t<div class=\"elementor-column elementor-col-50 elementor-top-column elementor-element elementor-element-aa92a7d\" data-id=\"aa92a7d\" data-element_type=\"column\">\n\t\t\t<div class=\"elementor-widget-wrap\">\n\t\t\t\t\t\t\t<\/div>\n\t\t<\/div>\n\t\t\t\t\t<\/div>\n\t\t<\/section>\n\t\t\t\t<section class=\"elementor-section elementor-top-section elementor-element elementor-element-b7e1200 elementor-section-full_width elementor-section-height-min-height elementor-section-height-default elementor-section-items-middle\" data-id=\"b7e1200\" data-element_type=\"section\" data-settings=\"{&quot;background_background&quot;:&quot;classic&quot;}\">\n\t\t\t\t\t\t\t<div class=\"elementor-background-overlay\"><\/div>\n\t\t\t\t\t\t\t<div class=\"elementor-container elementor-column-gap-default\">\n\t\t\t\t\t<div class=\"elementor-column elementor-col-50 elementor-top-column elementor-element elementor-element-a40c4b7\" data-id=\"a40c4b7\" data-element_type=\"column\">\n\t\t\t<div class=\"elementor-widget-wrap\">\n\t\t\t\t\t\t\t<\/div>\n\t\t<\/div>\n\t\t\t\t<div class=\"elementor-column elementor-col-50 elementor-top-column elementor-element elementor-element-08b1e86\" data-id=\"08b1e86\" data-element_type=\"column\">\n\t\t\t<div class=\"elementor-widget-wrap elementor-element-populated\">\n\t\t\t\t\t\t<div class=\"elementor-element elementor-element-c9c0b77 elementor-widget elementor-widget-text-editor\" data-id=\"c9c0b77\" data-element_type=\"widget\" data-widget_type=\"text-editor.default\">\n\t\t\t\t<div class=\"elementor-widget-container\">\n\t\t\t\t\t\t\t<p style=\"text-align: center;\">Cada d\u00eda existe la posibilidad de encontrarnos a nosotros mismos y dar lo mejor de cada quien.<\/p><p style=\"text-align: center;\">No debemos desperdiciar los momentos para buscar en nuestro interior, y por que no, tambien buscar nuestra alma gemela, esa persona ideal con la que queremos compartir toda nuestra vida.<\/p><p style=\"text-align: center;\">.<\/p><div style=\"text-align: center;\">\u00a0<\/div>\t\t\t\t\t\t<\/div>\n\t\t\t\t<\/div>\n\t\t\t\t\t<\/div>\n\t\t<\/div>\n\t\t\t\t\t<\/div>\n\t\t<\/section>\n\t\t\t\t<section class=\"elementor-section elementor-top-section elementor-element elementor-element-2342b4c elementor-section-full_width elementor-section-height-min-height elementor-section-height-default elementor-section-items-middle\" data-id=\"2342b4c\" data-element_type=\"section\" data-settings=\"{&quot;background_background&quot;:&quot;classic&quot;}\">\n\t\t\t\t\t\t\t<div class=\"elementor-background-overlay\"><\/div>\n\t\t\t\t\t\t\t<div class=\"elementor-container elementor-column-gap-default\">\n\t\t\t\t\t<div class=\"elementor-column elementor-col-50 elementor-top-column elementor-element elementor-element-8a53477\" data-id=\"8a53477\" data-element_type=\"column\">\n\t\t\t<div class=\"elementor-widget-wrap elementor-element-populated\">\n\t\t\t\t\t\t<div class=\"elementor-element elementor-element-845c20f elementor-widget elementor-widget-text-editor\" data-id=\"845c20f\" data-element_type=\"widget\" data-widget_type=\"text-editor.default\">\n\t\t\t\t<div class=\"elementor-widget-container\">\n\t\t\t\t\t\t\t<p style=\"text-align: center;\">Soulmate es especial para celebrar todo el tiempo , nuestro tequila es una poes\u00eda para esas almas que ya est\u00e1n juntas, o que est\u00e1n destinadas a encontrarse en cualquier momento de la vida.<\/p><p style=\"text-align: center;\">\u00a0<\/p><p style=\"text-align: center;\"><b>C\u00e9lebremos la vida celebremos el amor<\/b><\/p><p style=\"text-align: center;\">Amor Vincit Omnia<\/p><p style=\"text-align: center;\"><b>\u00abEl amor lo conquista todo\u00bb<\/b><\/p><p>\u00a0<\/p>\t\t\t\t\t\t<\/div>\n\t\t\t\t<\/div>\n\t\t\t\t<div class=\"elementor-element elementor-element-bff9440 elementor-widget elementor-widget-image\" data-id=\"bff9440\" data-element_type=\"widget\" data-widget_type=\"image.default\">\n\t\t\t\t<div class=\"elementor-widget-container\">\n\t\t\t<style>\/*! elementor - v3.22.0 - 26-06-2024 *\/\n.elementor-widget-image{text-align:center}.elementor-widget-image a{display:inline-block}.elementor-widget-image a img[src$=\".svg\"]{width:48px}.elementor-widget-image img{vertical-align:middle;display:inline-block}<\/style>\t\t\t\t\t\t\t\t\t\t<img fetchpriority=\"high\" decoding=\"async\" width=\"310\" height=\"163\" src=\"https:\/\/tequilasoulmate.com\/wp-content\/uploads\/2022\/12\/logo-soul-mate.png\" class=\"attachment-large size-large wp-image-471\" alt=\"\" srcset=\"https:\/\/tequilasoulmate.com\/wp-content\/uploads\/2022\/12\/logo-soul-mate.png 310w, https:\/\/tequilasoulmate.com\/wp-content\/uploads\/2022\/12\/logo-soul-mate-300x158.png 300w, https:\/\/tequilasoulmate.com\/wp-content\/uploads\/2022\/12\/logo-soul-mate-260x137.png 260w, https:\/\/tequilasoulmate.com\/wp-content\/uploads\/2022\/12\/logo-soul-mate-50x26.png 50w, https:\/\/tequilasoulmate.com\/wp-content\/uploads\/2022\/12\/logo-soul-mate-143x75.png 143w\" sizes=\"(max-width: 310px) 100vw, 310px\" \/>\t\t\t\t\t\t\t\t\t\t\t\t\t<\/div>\n\t\t\t\t<\/div>\n\t\t\t\t\t<\/div>\n\t\t<\/div>\n\t\t\t\t<div class=\"elementor-column elementor-col-50 elementor-top-column elementor-element elementor-element-0554d7a\" data-id=\"0554d7a\" data-element_type=\"column\">\n\t\t\t<div class=\"elementor-widget-wrap\">\n\t\t\t\t\t\t\t<\/div>\n\t\t<\/div>\n\t\t\t\t\t<\/div>\n\t\t<\/section>\n\t\t\t\t<\/div>\n\t\t","protected":false},"excerpt":{"rendered":"<p>La fascinaci\u00f3n por la idea de la \u00abpersona perfecta\u00bb se extiende en el tiempo y las culturas.\u00bfPor qu\u00e9 todavia hay quien sigue creyendo en que se<span class=\"excerpt-hellip\"> [\u2026]<\/span><\/p>\n","protected":false},"author":1,"featured_media":0,"parent":0,"menu_order":0,"comment_status":"closed","ping_status":"closed","template":"","meta":[],"_links":{"self":[{"href":"https:\/\/tequilasoulmate.com\/index.php\/wp-json\/wp\/v2\/pages\/342"}],"collection":[{"href":"https:\/\/tequilasoulmate.com\/index.php\/wp-json\/wp\/v2\/pages"}],"about":[{"href":"https:\/\/tequilasoulmate.com\/index.php\/wp-json\/wp\/v2\/types\/page"}],"author":[{"embeddable":true,"href":"https:\/\/tequilasoulmate.com\/index.php\/wp-json\/wp\/v2\/users\/1"}],"replies":[{"embeddable":true,"href":"https:\/\/tequilasoulmate.com\/index.php\/wp-json\/wp\/v2\/comments?post=342"}],"version-history":[{"count":119,"href":"https:\/\/tequilasoulmate.com\/index.php\/wp-json\/wp\/v2\/pages\/342\/revisions"}],"predecessor-version":[{"id":1436,"href":"https:\/\/tequilasoulmate.com\/index.php\/wp-json\/wp\/v2\/pages\/342\/revisions\/1436"}],"wp:attachment":[{"href":"https:\/\/tequilasoulmate.com\/index.php\/wp-json\/wp\/v2\/media?parent=342"}],"curies":[{"name":"wp","href":"https:\/\/api.w.org\/{rel}","templated":true}]}}